{"id":15622,"date":"2017-03-15T15:39:20","date_gmt":"2017-03-15T14:39:20","guid":{"rendered":"https:\/\/seipuntozero-haircare.it\/prodotto\/connection-x10-sofort-spruhmaske-mit-rundum-wirkung\/"},"modified":"2021-06-18T10:22:48","modified_gmt":"2021-06-18T08:22:48","slug":"connection-x10-sofort-spruhmaske-mit-rundum-wirkung","status":"publish","type":"product","link":"https:\/\/seipuntozero-haircare.it\/de\/product\/connection-x10-sofort-spruhmaske-mit-rundum-wirkung\/","title":{"rendered":"CONNECTION X10 <br> Sofort-Spr\u00fchmaske mit Rundum-Wirkung"},"content":{"rendered":"<ul>\n<li><strong>N\u00e4hrt und repariert<\/strong> die Haarfaser<\/li>\n<li>Verhindert die<strong> Spaltung der Haarspitzen<\/strong> und <strong>krauses Haar<\/strong><\/li>\n<li>Verleiht Struktur, Leuchtkraft und Geschmeidigkeit<\/li>\n<li><strong>Sch\u00fctzt<\/strong> vor W\u00e4rme<\/li>\n<li>Erleichtert das <strong>Styling<\/strong> und verl\u00e4ngert den Effekt<\/li>\n<\/ul>\n","protected":false},"excerpt":{"rendered":"<p>Connection X10, <strong>Spr\u00fchmaske ohne Aussp\u00fclen.<\/strong> Formel auf Basis von <strong>schwarzem Johannisbeeren-\u00d6l und pflanzlichem Kollagen<\/strong> f\u00fcr eine <strong>sofortige Rundum-Wirkun<\/strong>g, die dem Haar zehn <strong>unglaubliche Vorteile<\/strong> verschafft: Sie n\u00e4hrt, entwirrt und repariert das Haar, sch\u00fctzt vor Spliss, bek\u00e4mpft krauses Haar, verleiht Struktur, Leuchtkraft und Geschmeidigkeit, sch\u00fctzt die Farbe, vereinfacht das Styling und l\u00e4sst es l\u00e4nger halten.<\/p>\n<p>200 ml Flacon<\/p>\n","protected":false},"featured_media":24392,"template":"","meta":[],"product_brand":[],"product_cat":[920],"product_tag":[],"class_list":["post-15622","product","type-product","status-publish","has-post-thumbnail","hentry","product_cat-luxury-touch-de"],"yoast_head":"<!-- This site is optimized with the Yoast SEO plugin v27.1.1 - https:\/\/yoast.com\/product\/yoast-seo-wordpress\/ -->\n<title>CONNECTION X10  Sofort-Spr\u00fchmaske mit Rundum-Wirkung - 6.Zero<\/title>\n<meta name=\"description\" content=\"Connection X10, Spr\u00fchmaske ohne Aussp\u00fclen. Formel auf Basis von schwarzem Johannisbeeren-\u00d6l und pflanzlichem Kollagen f\u00fcr eine sofortige Rundum-Wirkung, die dem Haar zehn unglaubliche Vorteile verschafft.\" \/>\n<meta name=\"robots\" content=\"index, follow, max-snippet:-1, max-image-preview:large, max-video-preview:-1\" \/>\n<link rel=\"canonical\" href=\"https:\/\/seipuntozero-haircare.it\/de\/product\/connection-x10-sofort-spruhmaske-mit-rundum-wirkung\/\" \/>\n<meta property=\"og:locale\" content=\"de_DE\" \/>\n<meta property=\"og:type\" content=\"article\" \/>\n<meta property=\"og:title\" content=\"CONNECTION X10  Sofort-Spr\u00fchmaske mit Rundum-Wirkung - 6.Zero\" \/>\n<meta property=\"og:description\" content=\"Connection X10, Spr\u00fchmaske ohne Aussp\u00fclen. Formel auf Basis von schwarzem Johannisbeeren-\u00d6l und pflanzlichem Kollagen f\u00fcr eine sofortige Rundum-Wirkung, die dem Haar zehn unglaubliche Vorteile verschafft.\" \/>\n<meta property=\"og:url\" content=\"https:\/\/seipuntozero-haircare.it\/de\/product\/connection-x10-sofort-spruhmaske-mit-rundum-wirkung\/\" \/>\n<meta property=\"og:site_name\" content=\"6.Zero\" \/>\n<meta property=\"article:modified_time\" content=\"2021-06-18T08:22:48+00:00\" \/>\n<meta property=\"og:image\" content=\"https:\/\/seipuntozero-haircare.it\/wp-content\/uploads\/2017\/03\/262199_sei_punto_zero_connection_x10_multiaction_instant_spray_mask_200ml-1.png\" \/>\n\t<meta property=\"og:image:width\" content=\"800\" \/>\n\t<meta property=\"og:image:height\" content=\"800\" \/>\n\t<meta property=\"og:image:type\" content=\"image\/png\" \/>\n<meta name=\"twitter:card\" content=\"summary_large_image\" \/>\n<meta name=\"twitter:label1\" content=\"Gesch\u00e4tzte Lesezeit\" \/>\n\t<meta name=\"twitter:data1\" content=\"1\u00a0Minute\" \/>\n<script type=\"application\/ld+json\" class=\"yoast-schema-graph\">{\"@context\":\"https:\/\/schema.org\",\"@graph\":[{\"@type\":\"WebPage\",\"@id\":\"https:\/\/seipuntozero-haircare.it\/de\/product\/connection-x10-sofort-spruhmaske-mit-rundum-wirkung\/\",\"url\":\"https:\/\/seipuntozero-haircare.it\/de\/product\/connection-x10-sofort-spruhmaske-mit-rundum-wirkung\/\",\"name\":\"CONNECTION X10 Sofort-Spr\u00fchmaske mit Rundum-Wirkung - 6.Zero\",\"isPartOf\":{\"@id\":\"https:\/\/seipuntozero-haircare.it\/de\/#website\"},\"primaryImageOfPage\":{\"@id\":\"https:\/\/seipuntozero-haircare.it\/de\/product\/connection-x10-sofort-spruhmaske-mit-rundum-wirkung\/#primaryimage\"},\"image\":{\"@id\":\"https:\/\/seipuntozero-haircare.it\/de\/product\/connection-x10-sofort-spruhmaske-mit-rundum-wirkung\/#primaryimage\"},\"thumbnailUrl\":\"https:\/\/seipuntozero-haircare.it\/wp-content\/uploads\/2026\/03\/262199-sei-punto-zero-connection-x10-multiaction-instant-spray-mask-200ml.png\",\"datePublished\":\"2017-03-15T14:39:20+00:00\",\"dateModified\":\"2021-06-18T08:22:48+00:00\",\"description\":\"Connection X10, Spr\u00fchmaske ohne Aussp\u00fclen. Formel auf Basis von schwarzem Johannisbeeren-\u00d6l und pflanzlichem Kollagen f\u00fcr eine sofortige Rundum-Wirkung, die dem Haar zehn unglaubliche Vorteile verschafft.\",\"breadcrumb\":{\"@id\":\"https:\/\/seipuntozero-haircare.it\/de\/product\/connection-x10-sofort-spruhmaske-mit-rundum-wirkung\/#breadcrumb\"},\"inLanguage\":\"de\",\"potentialAction\":[{\"@type\":\"ReadAction\",\"target\":[\"https:\/\/seipuntozero-haircare.it\/de\/product\/connection-x10-sofort-spruhmaske-mit-rundum-wirkung\/\"]}]},{\"@type\":\"ImageObject\",\"inLanguage\":\"de\",\"@id\":\"https:\/\/seipuntozero-haircare.it\/de\/product\/connection-x10-sofort-spruhmaske-mit-rundum-wirkung\/#primaryimage\",\"url\":\"https:\/\/seipuntozero-haircare.it\/wp-content\/uploads\/2026\/03\/262199-sei-punto-zero-connection-x10-multiaction-instant-spray-mask-200ml.png\",\"contentUrl\":\"https:\/\/seipuntozero-haircare.it\/wp-content\/uploads\/2026\/03\/262199-sei-punto-zero-connection-x10-multiaction-instant-spray-mask-200ml.png\",\"width\":800,\"height\":800},{\"@type\":\"BreadcrumbList\",\"@id\":\"https:\/\/seipuntozero-haircare.it\/de\/product\/connection-x10-sofort-spruhmaske-mit-rundum-wirkung\/#breadcrumb\",\"itemListElement\":[{\"@type\":\"ListItem\",\"position\":1,\"name\":\"Home\",\"item\":\"https:\/\/seipuntozero-haircare.it\/de\/\"},{\"@type\":\"ListItem\",\"position\":2,\"name\":\"Products\",\"item\":\"https:\/\/seipuntozero-haircare.it\/de\/shop\/\"},{\"@type\":\"ListItem\",\"position\":3,\"name\":\"CONNECTION X10 Sofort-Spr\u00fchmaske mit Rundum-Wirkung\"}]},{\"@type\":\"WebSite\",\"@id\":\"https:\/\/seipuntozero-haircare.it\/de\/#website\",\"url\":\"https:\/\/seipuntozero-haircare.it\/de\/\",\"name\":\"6.Zero\",\"description\":\"Essential Touch\",\"potentialAction\":[{\"@type\":\"SearchAction\",\"target\":{\"@type\":\"EntryPoint\",\"urlTemplate\":\"https:\/\/seipuntozero-haircare.it\/de\/?s={search_term_string}\"},\"query-input\":{\"@type\":\"PropertyValueSpecification\",\"valueRequired\":true,\"valueName\":\"search_term_string\"}}],\"inLanguage\":\"de\"}]}<\/script>\n<!-- \/ Yoast SEO plugin. -->","yoast_head_json":{"title":"CONNECTION X10  Sofort-Spr\u00fchmaske mit Rundum-Wirkung - 6.Zero","description":"Connection X10, Spr\u00fchmaske ohne Aussp\u00fclen. Formel auf Basis von schwarzem Johannisbeeren-\u00d6l und pflanzlichem Kollagen f\u00fcr eine sofortige Rundum-Wirkung, die dem Haar zehn unglaubliche Vorteile verschafft.","robots":{"index":"index","follow":"follow","max-snippet":"max-snippet:-1","max-image-preview":"max-image-preview:large","max-video-preview":"max-video-preview:-1"},"canonical":"https:\/\/seipuntozero-haircare.it\/de\/product\/connection-x10-sofort-spruhmaske-mit-rundum-wirkung\/","og_locale":"de_DE","og_type":"article","og_title":"CONNECTION X10  Sofort-Spr\u00fchmaske mit Rundum-Wirkung - 6.Zero","og_description":"Connection X10, Spr\u00fchmaske ohne Aussp\u00fclen. Formel auf Basis von schwarzem Johannisbeeren-\u00d6l und pflanzlichem Kollagen f\u00fcr eine sofortige Rundum-Wirkung, die dem Haar zehn unglaubliche Vorteile verschafft.","og_url":"https:\/\/seipuntozero-haircare.it\/de\/product\/connection-x10-sofort-spruhmaske-mit-rundum-wirkung\/","og_site_name":"6.Zero","article_modified_time":"2021-06-18T08:22:48+00:00","og_image":[{"width":800,"height":800,"url":"https:\/\/seipuntozero-haircare.it\/wp-content\/uploads\/2017\/03\/262199_sei_punto_zero_connection_x10_multiaction_instant_spray_mask_200ml-1.png","type":"image\/png"}],"twitter_card":"summary_large_image","twitter_misc":{"Gesch\u00e4tzte Lesezeit":"1\u00a0Minute"},"schema":{"@context":"https:\/\/schema.org","@graph":[{"@type":"WebPage","@id":"https:\/\/seipuntozero-haircare.it\/de\/product\/connection-x10-sofort-spruhmaske-mit-rundum-wirkung\/","url":"https:\/\/seipuntozero-haircare.it\/de\/product\/connection-x10-sofort-spruhmaske-mit-rundum-wirkung\/","name":"CONNECTION X10 Sofort-Spr\u00fchmaske mit Rundum-Wirkung - 6.Zero","isPartOf":{"@id":"https:\/\/seipuntozero-haircare.it\/de\/#website"},"primaryImageOfPage":{"@id":"https:\/\/seipuntozero-haircare.it\/de\/product\/connection-x10-sofort-spruhmaske-mit-rundum-wirkung\/#primaryimage"},"image":{"@id":"https:\/\/seipuntozero-haircare.it\/de\/product\/connection-x10-sofort-spruhmaske-mit-rundum-wirkung\/#primaryimage"},"thumbnailUrl":"https:\/\/seipuntozero-haircare.it\/wp-content\/uploads\/2026\/03\/262199-sei-punto-zero-connection-x10-multiaction-instant-spray-mask-200ml.png","datePublished":"2017-03-15T14:39:20+00:00","dateModified":"2021-06-18T08:22:48+00:00","description":"Connection X10, Spr\u00fchmaske ohne Aussp\u00fclen. Formel auf Basis von schwarzem Johannisbeeren-\u00d6l und pflanzlichem Kollagen f\u00fcr eine sofortige Rundum-Wirkung, die dem Haar zehn unglaubliche Vorteile verschafft.","breadcrumb":{"@id":"https:\/\/seipuntozero-haircare.it\/de\/product\/connection-x10-sofort-spruhmaske-mit-rundum-wirkung\/#breadcrumb"},"inLanguage":"de","potentialAction":[{"@type":"ReadAction","target":["https:\/\/seipuntozero-haircare.it\/de\/product\/connection-x10-sofort-spruhmaske-mit-rundum-wirkung\/"]}]},{"@type":"ImageObject","inLanguage":"de","@id":"https:\/\/seipuntozero-haircare.it\/de\/product\/connection-x10-sofort-spruhmaske-mit-rundum-wirkung\/#primaryimage","url":"https:\/\/seipuntozero-haircare.it\/wp-content\/uploads\/2026\/03\/262199-sei-punto-zero-connection-x10-multiaction-instant-spray-mask-200ml.png","contentUrl":"https:\/\/seipuntozero-haircare.it\/wp-content\/uploads\/2026\/03\/262199-sei-punto-zero-connection-x10-multiaction-instant-spray-mask-200ml.png","width":800,"height":800},{"@type":"BreadcrumbList","@id":"https:\/\/seipuntozero-haircare.it\/de\/product\/connection-x10-sofort-spruhmaske-mit-rundum-wirkung\/#breadcrumb","itemListElement":[{"@type":"ListItem","position":1,"name":"Home","item":"https:\/\/seipuntozero-haircare.it\/de\/"},{"@type":"ListItem","position":2,"name":"Products","item":"https:\/\/seipuntozero-haircare.it\/de\/shop\/"},{"@type":"ListItem","position":3,"name":"CONNECTION X10 Sofort-Spr\u00fchmaske mit Rundum-Wirkung"}]},{"@type":"WebSite","@id":"https:\/\/seipuntozero-haircare.it\/de\/#website","url":"https:\/\/seipuntozero-haircare.it\/de\/","name":"6.Zero","description":"Essential Touch","potentialAction":[{"@type":"SearchAction","target":{"@type":"EntryPoint","urlTemplate":"https:\/\/seipuntozero-haircare.it\/de\/?s={search_term_string}"},"query-input":{"@type":"PropertyValueSpecification","valueRequired":true,"valueName":"search_term_string"}}],"inLanguage":"de"}]}},"_links":{"self":[{"href":"https:\/\/seipuntozero-haircare.it\/de\/wp-json\/wp\/v2\/product\/15622","targetHints":{"allow":["GET"]}}],"collection":[{"href":"https:\/\/seipuntozero-haircare.it\/de\/wp-json\/wp\/v2\/product"}],"about":[{"href":"https:\/\/seipuntozero-haircare.it\/de\/wp-json\/wp\/v2\/types\/product"}],"wp:featuredmedia":[{"embeddable":true,"href":"https:\/\/seipuntozero-haircare.it\/de\/wp-json\/wp\/v2\/media\/24392"}],"wp:attachment":[{"href":"https:\/\/seipuntozero-haircare.it\/de\/wp-json\/wp\/v2\/media?parent=15622"}],"wp:term":[{"taxonomy":"product_brand","embeddable":true,"href":"https:\/\/seipuntozero-haircare.it\/de\/wp-json\/wp\/v2\/product_brand?post=15622"},{"taxonomy":"product_cat","embeddable":true,"href":"https:\/\/seipuntozero-haircare.it\/de\/wp-json\/wp\/v2\/product_cat?post=15622"},{"taxonomy":"product_tag","embeddable":true,"href":"https:\/\/seipuntozero-haircare.it\/de\/wp-json\/wp\/v2\/product_tag?post=15622"}],"curies":[{"name":"wp","href":"https:\/\/api.w.org\/{rel}","templated":true}]}}