{"id":15616,"date":"2019-03-14T18:00:13","date_gmt":"2019-03-14T17:00:13","guid":{"rendered":"https:\/\/seipuntozero-haircare.it\/prodotto\/selection-xy-maske-fur-geschadigtes-haar\/"},"modified":"2021-06-18T10:18:58","modified_gmt":"2021-06-18T08:18:58","slug":"selection-xy-maske-fur-geschadigtes-haar","status":"publish","type":"product","link":"https:\/\/seipuntozero-haircare.it\/de\/product\/selection-xy-maske-fur-geschadigtes-haar\/","title":{"rendered":"SELECTION XY <br> Maske f\u00fcr gesch\u00e4digtes Haar"},"content":{"rendered":"<ul>\n<li>Sch\u00f6nheitsbehandlung mit einer stark <strong>n\u00e4hrenden<\/strong> und <strong>restrukturierenden<\/strong> Wirkung<\/li>\n<li>Das Haar erh\u00e4lt seinen nat\u00fcrlichen Glanz, seine Geschmeidigkeit und Vitalit\u00e4t zur\u00fcck<\/li>\n<\/ul>\n","protected":false},"excerpt":{"rendered":"<p>Sinnlicher Glanz und fantastische Geschmeidigkeit durch eine Behandlung, die eine <em>Beauty Therapy<\/em> f\u00fcr <strong>gesch\u00e4digtes Haar<\/strong> ist: Die Selection XY-Maske revitalisiert das Haar und hinterl\u00e4sst ein Gef\u00fchl luxuri\u00f6ser Seidigkeit. Die Maske 6.Zero kombiniert die <strong>kostbaren transformativen Eigenschaften<\/strong> von <strong>Argan\u00f6l und Keratin<\/strong> mit einer <strong>reichhaltigen und gro\u00dfz\u00fcgigen Textur<\/strong> und einem berauschenden Duft. Dank der <strong>n\u00e4hrenden<\/strong> und <strong>restrukturierenden<\/strong> Wirkung der Wirkstoffe dieser Formel gewinnt das Haar wieder einen nat\u00fcrlichen Glanz, Geschmeidigkeit und Vitalit\u00e4t.<\/p>\n<p>Packungsgr\u00f6\u00dfe 500 ml<\/p>\n","protected":false},"featured_media":24385,"template":"","meta":[],"product_brand":[],"product_cat":[920],"product_tag":[],"class_list":["post-15616","product","type-product","status-publish","has-post-thumbnail","hentry","product_cat-luxury-touch-de"],"yoast_head":"<!-- This site is optimized with the Yoast SEO plugin v27.1.1 - https:\/\/yoast.com\/product\/yoast-seo-wordpress\/ -->\n<title>SELECTION XY - Maske f\u00fcr gesch\u00e4digtes Haar<\/title>\n<meta name=\"description\" content=\"Die Selection XY-Maske revitalisiert das Haar und hinterl\u00e4sst ein Gef\u00fchl luxuri\u00f6ser Seidigkeit.\" \/>\n<meta name=\"robots\" content=\"index, follow, max-snippet:-1, max-image-preview:large, max-video-preview:-1\" \/>\n<link rel=\"canonical\" href=\"https:\/\/seipuntozero-haircare.it\/de\/product\/selection-xy-maske-fur-geschadigtes-haar\/\" \/>\n<meta property=\"og:locale\" content=\"de_DE\" \/>\n<meta property=\"og:type\" content=\"article\" \/>\n<meta property=\"og:title\" content=\"SELECTION XY - Maske f\u00fcr gesch\u00e4digtes Haar\" \/>\n<meta property=\"og:description\" content=\"Die Selection XY-Maske revitalisiert das Haar und hinterl\u00e4sst ein Gef\u00fchl luxuri\u00f6ser Seidigkeit.\" \/>\n<meta property=\"og:url\" content=\"https:\/\/seipuntozero-haircare.it\/de\/product\/selection-xy-maske-fur-geschadigtes-haar\/\" \/>\n<meta property=\"og:site_name\" content=\"6.Zero\" \/>\n<meta property=\"article:modified_time\" content=\"2021-06-18T08:18:58+00:00\" \/>\n<meta property=\"og:image\" content=\"https:\/\/seipuntozero-haircare.it\/wp-content\/uploads\/2021\/09\/263356_sei_punto_zero_selection_xy_mask_300ml-1.png\" \/>\n\t<meta property=\"og:image:width\" content=\"800\" \/>\n\t<meta property=\"og:image:height\" content=\"800\" \/>\n\t<meta property=\"og:image:type\" content=\"image\/png\" \/>\n<meta name=\"twitter:card\" content=\"summary_large_image\" \/>\n<meta name=\"twitter:label1\" content=\"Gesch\u00e4tzte Lesezeit\" \/>\n\t<meta name=\"twitter:data1\" content=\"1\u00a0Minute\" \/>\n<script type=\"application\/ld+json\" class=\"yoast-schema-graph\">{\"@context\":\"https:\/\/schema.org\",\"@graph\":[{\"@type\":\"WebPage\",\"@id\":\"https:\/\/seipuntozero-haircare.it\/de\/product\/selection-xy-maske-fur-geschadigtes-haar\/\",\"url\":\"https:\/\/seipuntozero-haircare.it\/de\/product\/selection-xy-maske-fur-geschadigtes-haar\/\",\"name\":\"SELECTION XY - Maske f\u00fcr gesch\u00e4digtes Haar\",\"isPartOf\":{\"@id\":\"https:\/\/seipuntozero-haircare.it\/de\/#website\"},\"primaryImageOfPage\":{\"@id\":\"https:\/\/seipuntozero-haircare.it\/de\/product\/selection-xy-maske-fur-geschadigtes-haar\/#primaryimage\"},\"image\":{\"@id\":\"https:\/\/seipuntozero-haircare.it\/de\/product\/selection-xy-maske-fur-geschadigtes-haar\/#primaryimage\"},\"thumbnailUrl\":\"https:\/\/seipuntozero-haircare.it\/wp-content\/uploads\/2026\/03\/263356-sei-punto-zero-selection-xy-mask-300ml.png\",\"datePublished\":\"2019-03-14T17:00:13+00:00\",\"dateModified\":\"2021-06-18T08:18:58+00:00\",\"description\":\"Die Selection XY-Maske revitalisiert das Haar und hinterl\u00e4sst ein Gef\u00fchl luxuri\u00f6ser Seidigkeit.\",\"breadcrumb\":{\"@id\":\"https:\/\/seipuntozero-haircare.it\/de\/product\/selection-xy-maske-fur-geschadigtes-haar\/#breadcrumb\"},\"inLanguage\":\"de\",\"potentialAction\":[{\"@type\":\"ReadAction\",\"target\":[\"https:\/\/seipuntozero-haircare.it\/de\/product\/selection-xy-maske-fur-geschadigtes-haar\/\"]}]},{\"@type\":\"ImageObject\",\"inLanguage\":\"de\",\"@id\":\"https:\/\/seipuntozero-haircare.it\/de\/product\/selection-xy-maske-fur-geschadigtes-haar\/#primaryimage\",\"url\":\"https:\/\/seipuntozero-haircare.it\/wp-content\/uploads\/2026\/03\/263356-sei-punto-zero-selection-xy-mask-300ml.png\",\"contentUrl\":\"https:\/\/seipuntozero-haircare.it\/wp-content\/uploads\/2026\/03\/263356-sei-punto-zero-selection-xy-mask-300ml.png\",\"width\":800,\"height\":800},{\"@type\":\"BreadcrumbList\",\"@id\":\"https:\/\/seipuntozero-haircare.it\/de\/product\/selection-xy-maske-fur-geschadigtes-haar\/#breadcrumb\",\"itemListElement\":[{\"@type\":\"ListItem\",\"position\":1,\"name\":\"Home\",\"item\":\"https:\/\/seipuntozero-haircare.it\/de\/\"},{\"@type\":\"ListItem\",\"position\":2,\"name\":\"Products\",\"item\":\"https:\/\/seipuntozero-haircare.it\/de\/shop\/\"},{\"@type\":\"ListItem\",\"position\":3,\"name\":\"SELECTION XY Maske f\u00fcr gesch\u00e4digtes Haar\"}]},{\"@type\":\"WebSite\",\"@id\":\"https:\/\/seipuntozero-haircare.it\/de\/#website\",\"url\":\"https:\/\/seipuntozero-haircare.it\/de\/\",\"name\":\"6.Zero\",\"description\":\"Essential Touch\",\"potentialAction\":[{\"@type\":\"SearchAction\",\"target\":{\"@type\":\"EntryPoint\",\"urlTemplate\":\"https:\/\/seipuntozero-haircare.it\/de\/?s={search_term_string}\"},\"query-input\":{\"@type\":\"PropertyValueSpecification\",\"valueRequired\":true,\"valueName\":\"search_term_string\"}}],\"inLanguage\":\"de\"}]}<\/script>\n<!-- \/ Yoast SEO plugin. -->","yoast_head_json":{"title":"SELECTION XY - Maske f\u00fcr gesch\u00e4digtes Haar","description":"Die Selection XY-Maske revitalisiert das Haar und hinterl\u00e4sst ein Gef\u00fchl luxuri\u00f6ser Seidigkeit.","robots":{"index":"index","follow":"follow","max-snippet":"max-snippet:-1","max-image-preview":"max-image-preview:large","max-video-preview":"max-video-preview:-1"},"canonical":"https:\/\/seipuntozero-haircare.it\/de\/product\/selection-xy-maske-fur-geschadigtes-haar\/","og_locale":"de_DE","og_type":"article","og_title":"SELECTION XY - Maske f\u00fcr gesch\u00e4digtes Haar","og_description":"Die Selection XY-Maske revitalisiert das Haar und hinterl\u00e4sst ein Gef\u00fchl luxuri\u00f6ser Seidigkeit.","og_url":"https:\/\/seipuntozero-haircare.it\/de\/product\/selection-xy-maske-fur-geschadigtes-haar\/","og_site_name":"6.Zero","article_modified_time":"2021-06-18T08:18:58+00:00","og_image":[{"width":800,"height":800,"url":"https:\/\/seipuntozero-haircare.it\/wp-content\/uploads\/2021\/09\/263356_sei_punto_zero_selection_xy_mask_300ml-1.png","type":"image\/png"}],"twitter_card":"summary_large_image","twitter_misc":{"Gesch\u00e4tzte Lesezeit":"1\u00a0Minute"},"schema":{"@context":"https:\/\/schema.org","@graph":[{"@type":"WebPage","@id":"https:\/\/seipuntozero-haircare.it\/de\/product\/selection-xy-maske-fur-geschadigtes-haar\/","url":"https:\/\/seipuntozero-haircare.it\/de\/product\/selection-xy-maske-fur-geschadigtes-haar\/","name":"SELECTION XY - Maske f\u00fcr gesch\u00e4digtes Haar","isPartOf":{"@id":"https:\/\/seipuntozero-haircare.it\/de\/#website"},"primaryImageOfPage":{"@id":"https:\/\/seipuntozero-haircare.it\/de\/product\/selection-xy-maske-fur-geschadigtes-haar\/#primaryimage"},"image":{"@id":"https:\/\/seipuntozero-haircare.it\/de\/product\/selection-xy-maske-fur-geschadigtes-haar\/#primaryimage"},"thumbnailUrl":"https:\/\/seipuntozero-haircare.it\/wp-content\/uploads\/2026\/03\/263356-sei-punto-zero-selection-xy-mask-300ml.png","datePublished":"2019-03-14T17:00:13+00:00","dateModified":"2021-06-18T08:18:58+00:00","description":"Die Selection XY-Maske revitalisiert das Haar und hinterl\u00e4sst ein Gef\u00fchl luxuri\u00f6ser Seidigkeit.","breadcrumb":{"@id":"https:\/\/seipuntozero-haircare.it\/de\/product\/selection-xy-maske-fur-geschadigtes-haar\/#breadcrumb"},"inLanguage":"de","potentialAction":[{"@type":"ReadAction","target":["https:\/\/seipuntozero-haircare.it\/de\/product\/selection-xy-maske-fur-geschadigtes-haar\/"]}]},{"@type":"ImageObject","inLanguage":"de","@id":"https:\/\/seipuntozero-haircare.it\/de\/product\/selection-xy-maske-fur-geschadigtes-haar\/#primaryimage","url":"https:\/\/seipuntozero-haircare.it\/wp-content\/uploads\/2026\/03\/263356-sei-punto-zero-selection-xy-mask-300ml.png","contentUrl":"https:\/\/seipuntozero-haircare.it\/wp-content\/uploads\/2026\/03\/263356-sei-punto-zero-selection-xy-mask-300ml.png","width":800,"height":800},{"@type":"BreadcrumbList","@id":"https:\/\/seipuntozero-haircare.it\/de\/product\/selection-xy-maske-fur-geschadigtes-haar\/#breadcrumb","itemListElement":[{"@type":"ListItem","position":1,"name":"Home","item":"https:\/\/seipuntozero-haircare.it\/de\/"},{"@type":"ListItem","position":2,"name":"Products","item":"https:\/\/seipuntozero-haircare.it\/de\/shop\/"},{"@type":"ListItem","position":3,"name":"SELECTION XY Maske f\u00fcr gesch\u00e4digtes Haar"}]},{"@type":"WebSite","@id":"https:\/\/seipuntozero-haircare.it\/de\/#website","url":"https:\/\/seipuntozero-haircare.it\/de\/","name":"6.Zero","description":"Essential Touch","potentialAction":[{"@type":"SearchAction","target":{"@type":"EntryPoint","urlTemplate":"https:\/\/seipuntozero-haircare.it\/de\/?s={search_term_string}"},"query-input":{"@type":"PropertyValueSpecification","valueRequired":true,"valueName":"search_term_string"}}],"inLanguage":"de"}]}},"_links":{"self":[{"href":"https:\/\/seipuntozero-haircare.it\/de\/wp-json\/wp\/v2\/product\/15616","targetHints":{"allow":["GET"]}}],"collection":[{"href":"https:\/\/seipuntozero-haircare.it\/de\/wp-json\/wp\/v2\/product"}],"about":[{"href":"https:\/\/seipuntozero-haircare.it\/de\/wp-json\/wp\/v2\/types\/product"}],"wp:featuredmedia":[{"embeddable":true,"href":"https:\/\/seipuntozero-haircare.it\/de\/wp-json\/wp\/v2\/media\/24385"}],"wp:attachment":[{"href":"https:\/\/seipuntozero-haircare.it\/de\/wp-json\/wp\/v2\/media?parent=15616"}],"wp:term":[{"taxonomy":"product_brand","embeddable":true,"href":"https:\/\/seipuntozero-haircare.it\/de\/wp-json\/wp\/v2\/product_brand?post=15616"},{"taxonomy":"product_cat","embeddable":true,"href":"https:\/\/seipuntozero-haircare.it\/de\/wp-json\/wp\/v2\/product_cat?post=15616"},{"taxonomy":"product_tag","embeddable":true,"href":"https:\/\/seipuntozero-haircare.it\/de\/wp-json\/wp\/v2\/product_tag?post=15616"}],"curies":[{"name":"wp","href":"https:\/\/api.w.org\/{rel}","templated":true}]}}