{"id":15434,"date":"2021-06-17T12:06:27","date_gmt":"2021-06-17T10:06:27","guid":{"rendered":"https:\/\/seipuntozero-haircare.it\/home\/"},"modified":"2026-03-10T12:29:00","modified_gmt":"2026-03-10T11:29:00","slug":"home","status":"publish","type":"page","link":"https:\/\/seipuntozero-haircare.it\/de\/","title":{"rendered":"Home"},"content":{"rendered":"<div class=\"wpb-content-wrapper\"><p>[vc_row css=&#8220;.vc_custom_1489483907775{margin-bottom: 0px !important;border-bottom-width: 0px !important;padding-bottom: 0px !important;}&#8220;][vc_column][vc_row_inner][vc_column_inner offset=&#8220;vc_hidden-xs&#8220;][rev_slider_vc alias=&#8220;home-1&#8243;][\/vc_column_inner][\/vc_row_inner][vc_row_inner][vc_column_inner offset=&#8220;vc_hidden-lg vc_hidden-md vc_hidden-sm&#8220;][rev_slider_vc alias=&#8220;slide_home_mobile&#8220;][\/vc_column_inner][\/vc_row_inner][\/vc_column][\/vc_row][vc_row parallax=&#8220;content-moving&#8220; parallax_image=&#8220;11581&#8243; css=&#8220;.vc_custom_1489484214754{margin-top: 0px !important;border-top-width: 0px !important;padding-top: 0px !important;}&#8220; el_id=&#8220;kromeside&#8220;][vc_column css=&#8220;.vc_custom_1489483859416{margin-top: 0px !important;border-top-width: 0px !important;padding-top: 0px !important;}&#8220;][vc_row_inner][vc_column_inner][vc_empty_space height=&#8220;80px&#8220;][\/vc_column_inner][\/vc_row_inner][vc_row_inner wrap_type=&#8220;in_container&#8220;][vc_column_inner width=&#8220;7\/12&#8243; offset=&#8220;vc_hidden-xs&#8220;][vc_single_image image=&#8220;18587&#8243; img_size=&#8220;full&#8220;][\/vc_column_inner][vc_column_inner width=&#8220;5\/12&#8243; css=&#8220;.vc_custom_1489484063901{padding-top: 20% !important;padding-bottom: 20% !important;}&#8220; offset=&#8220;vc_hidden-xs&#8220;][vc_custom_heading text=&#8220;KROMPURE&#8220; font_container=&#8220;tag:h1|text_align:left|color:%23457cbb&#8220; use_theme_fonts=&#8220;yes&#8220;][vc_column_text]<\/p>\n<h4><strong>Reine Farbe, sanfte technische Anwendung<\/strong><\/h4>\n<h4><strong>Krompure: der neue Spezialist zu Diensten des Koloristen <\/strong><\/h4>\n<p>Entwickelt, um <strong>nat\u00fcrliche Nuancen<\/strong> bieten zu k\u00f6nnen, die ausdrucksstark sind und viele leuchtende Reflexe aufweisen, ohne die Gesundheit des Haars anzugreifen, ist <strong>Krompure<\/strong> die perfekte sanfte Kolorationscreme <strong>ohne Ammoniak und PPD<\/strong>. Sie enth\u00e4lt <strong>Keratin, Tamanu-\u00d6l und Equisetum<\/strong> und besitzt eine au\u00dfergew\u00f6hnliche kosmetische Wirkung. Maximale Abdeckung wei\u00dfer Haare, ohne jegliches Risiko f\u00fcr den Kunden.<\/p>\n<p><span class=\"col col_shortcode\"><a class=\"maxbutton-17 maxbutton maxbutton-kromepure-de\" href=\"https:\/\/seipuntozero-haircare.it\/de\/product\/krompure-sanfte-kolorationscreme-ohne-ammoniak-und-para-phenylendiamine\/\"><span class='mb-text'>MEHR ENTDECKEN<\/span><\/a> <\/span>[\/vc_column_text][\/vc_column_inner][\/vc_row_inner][vc_row_inner wrap_type=&#8220;in_container&#8220;][vc_column_inner width=&#8220;5\/12&#8243; offset=&#8220;vc_hidden-lg vc_hidden-md vc_hidden-sm&#8220;][vc_custom_heading text=&#8220;KROMPURE&#8220; font_container=&#8220;tag:h1|text_align:center|color:%23457cbb&#8220; use_theme_fonts=&#8220;yes&#8220;][vc_column_text]<\/p>\n<h4><strong>Reine Farbe, sanfte technische Anwendung<\/strong><\/h4>\n<h4><strong>Krompure: der neue Spezialist zu Diensten des Koloristen <\/strong><\/h4>\n<p>Entwickelt, um <strong>nat\u00fcrliche Nuancen<\/strong> bieten zu k\u00f6nnen, die ausdrucksstark sind und viele leuchtende Reflexe aufweisen, ohne die Gesundheit des Haars anzugreifen, ist <strong>Krompure<\/strong> die perfekte sanfte Kolorationscreme <strong>ohne Ammoniak und PPD<\/strong>. Sie enth\u00e4lt <strong>Keratin, Tamanu-\u00d6l und Equisetum<\/strong> und besitzt eine au\u00dfergew\u00f6hnliche kosmetische Wirkung. Maximale Abdeckung wei\u00dfer Haare, ohne jegliches Risiko f\u00fcr den Kunden.<\/p>\n<p><span class=\"col col_shortcode\"><a class=\"maxbutton-17 maxbutton maxbutton-kromepure-de\" href=\"https:\/\/seipuntozero-haircare.it\/de\/product\/krompure-sanfte-kolorationscreme-ohne-ammoniak-und-para-phenylendiamine\/\"><span class='mb-text'>MEHR ENTDECKEN<\/span><\/a> <\/span>[\/vc_column_text][\/vc_column_inner][vc_column_inner width=&#8220;7\/12&#8243; offset=&#8220;vc_hidden-lg vc_hidden-md vc_hidden-sm&#8220;][vc_single_image image=&#8220;18587&#8243; img_size=&#8220;full&#8220;][\/vc_column_inner][\/vc_row_inner][vc_row_inner][vc_column_inner][vc_empty_space height=&#8220;80px&#8220;][\/vc_column_inner][\/vc_row_inner][\/vc_column][\/vc_row][vc_row parallax=&#8220;content-moving&#8220; parallax_image=&#8220;11599&#8243; css=&#8220;.vc_custom_1489484892060{margin-top: 0px !important;border-top-width: 0px !important;padding-top: 0px !important;background-color: #0a0a0a !important;}&#8220; el_id=&#8220;xy10&#8243;][vc_column css=&#8220;.vc_custom_1489483859416{margin-top: 0px !important;border-top-width: 0px !important;padding-top: 0px !important;}&#8220;][vc_row_inner][vc_column_inner][vc_empty_space height=&#8220;80px&#8220;][\/vc_column_inner][\/vc_row_inner][vc_row_inner wrap_type=&#8220;in_container&#8220;][vc_column_inner width=&#8220;5\/12&#8243; css=&#8220;.vc_custom_1489484063901{padding-top: 20% !important;padding-bottom: 20% !important;}&#8220; offset=&#8220;vc_hidden-xs&#8220;][vc_custom_heading text=&#8220;XY 10&#8243; font_container=&#8220;tag:h1|text_align:left|color:%23948146&#8243; use_theme_fonts=&#8220;yes&#8220;][vc_column_text]<\/p>\n<h4><span style=\"color: #ffffff;\"><strong>Die Perfektion vor Augen<\/strong><\/span><\/h4>\n<h4><span style=\"color: #ffffff;\"><strong>Connection X10 und Perfection Y10: eine luxuri\u00f6se Pflege f\u00fcr anspruchsvolles Haar.<\/strong><\/span><\/h4>\n<p><span style=\"color: #ffffff;\">Eine sanfte Wirkung und das Zusammenspiel <strong>wertvoller aktiver Inhaltsstoffe<\/strong> betonen die Sch\u00f6nheit und die Gesundheit des Haars. <strong>Connection X10<\/strong>, Sofort-Spray-Maske mit <strong>schwarzem Johannisbeeren-\u00d6l<\/strong> und <strong>Pflanzen-Kollagen<\/strong>, wirkt zehnfach und sorgt so f\u00fcr gepflegtes und gesch\u00fctztes Haar; <strong>Perfection Y10<\/strong>, Haar\u00f6l f\u00fcr leuchtendes und geschmeidiges Haar mit<strong> Argan-\u00d6l und Keratin<\/strong>, sorgt f\u00fcr perfekt entwirrtes und regeneriertes Haar.<\/span><\/p>\n<p><span class=\"col col_shortcode\"><a class=\"maxbutton-15 maxbutton maxbutton-xy-10-de\" href=\"https:\/\/seipuntozero-haircare.it\/de\/product-category\/luxury-touch-de\/\"><span class='mb-text'>MEHR ENTDECKEN<\/span><\/a><\/span>[\/vc_column_text][\/vc_column_inner][vc_column_inner width=&#8220;7\/12&#8243; offset=&#8220;vc_hidden-xs&#8220;][vc_single_image image=&#8220;24406&#8243; img_size=&#8220;full&#8220; alignment=&#8220;right&#8220; css=&#8220;&#8220;][\/vc_column_inner][\/vc_row_inner][vc_row_inner wrap_type=&#8220;in_container&#8220;][vc_column_inner width=&#8220;5\/12&#8243; offset=&#8220;vc_hidden-lg vc_hidden-md vc_hidden-sm&#8220;][vc_custom_heading text=&#8220;XY 10&#8243; font_container=&#8220;tag:h1|text_align:center|color:%23948146&#8243; use_theme_fonts=&#8220;yes&#8220;][vc_column_text]<\/p>\n<h4><span style=\"color: #ffffff;\"><strong>Die Perfektion vor Augen<\/strong><\/span><\/h4>\n<h4><span style=\"color: #ffffff;\"><strong>Connection X10 und Perfection Y10: eine luxuri\u00f6se Pflege f\u00fcr anspruchsvolles Haar.<\/strong><\/span><\/h4>\n<p><span style=\"color: #ffffff;\">Eine sanfte Wirkung und das Zusammenspiel <strong>wertvoller aktiver Inhaltsstoffe<\/strong> betonen die Sch\u00f6nheit und die Gesundheit des Haars. <strong>Connection X10<\/strong>, Sofort-Spray-Maske mit <strong>schwarzem Johannisbeeren-\u00d6l<\/strong> und <strong>Pflanzen-Kollagen<\/strong>, wirkt zehnfach und sorgt so f\u00fcr gepflegtes und gesch\u00fctztes Haar; <strong>Perfection Y10<\/strong>, Haar\u00f6l f\u00fcr leuchtendes und geschmeidiges Haar mit<strong> Argan-\u00d6l und Keratin<\/strong>, sorgt f\u00fcr perfekt entwirrtes und regeneriertes Haar.<\/span><\/p>\n<p><span class=\"col col_shortcode\"><a class=\"maxbutton-15 maxbutton maxbutton-xy-10-de\" href=\"https:\/\/seipuntozero-haircare.it\/de\/product-category\/luxury-touch-de\/\"><span class='mb-text'>MEHR ENTDECKEN<\/span><\/a><\/span>[\/vc_column_text][\/vc_column_inner][vc_column_inner width=&#8220;7\/12&#8243; offset=&#8220;vc_hidden-lg vc_hidden-md vc_hidden-sm&#8220;][vc_single_image image=&#8220;24406&#8243; img_size=&#8220;full&#8220; alignment=&#8220;right&#8220; css=&#8220;&#8220;][\/vc_column_inner][\/vc_row_inner][vc_row_inner][vc_column_inner][vc_empty_space height=&#8220;80px&#8220;][\/vc_column_inner][\/vc_row_inner][\/vc_column][\/vc_row][vc_row parallax=&#8220;content-moving&#8220; parallax_image=&#8220;11615&#8243; css=&#8220;.vc_custom_1489487081199{margin-top: 0px !important;border-top-width: 0px !important;padding-top: 0px !important;}&#8220; el_id=&#8220;heshe&#8220;][vc_column css=&#8220;.vc_custom_1489483859416{margin-top: 0px !important;border-top-width: 0px !important;padding-top: 0px !important;}&#8220;][vc_row_inner][vc_column_inner][vc_empty_space height=&#8220;80px&#8220;][\/vc_column_inner][\/vc_row_inner][vc_row_inner wrap_type=&#8220;in_container&#8220;][vc_column_inner width=&#8220;7\/12&#8243; offset=&#8220;vc_hidden-xs&#8220;][vc_single_image image=&#8220;18575&#8243; img_size=&#8220;full&#8220;][\/vc_column_inner][vc_column_inner width=&#8220;5\/12&#8243; css=&#8220;.vc_custom_1489484063901{padding-top: 20% !important;padding-bottom: 20% !important;}&#8220; offset=&#8220;vc_hidden-xs&#8220;][vc_custom_heading text=&#8220;HE.SHE&#8220; font_container=&#8220;tag:h1|text_align:left|color:%23c7343d&#8220; use_theme_fonts=&#8220;yes&#8220;][vc_column_text]<\/p>\n<h4><strong>Kreieren Sie den au\u00dfergew\u00f6hnlichsten Style<\/strong><\/h4>\n<h4><strong>He.She: nur das Beste f\u00fcr Sie und f\u00fcr Ihn<\/strong><\/h4>\n<p>Mit der umfangreichen Linie f\u00fcr <strong>Styling- und Finishing-Produkte<\/strong> He.She k\u00f6nnen Sie das Beste aus Ihrem Hairstyling herausholen und dabei eine v\u00f6llig neue Richtung einschlagen: Haargels, Haarcremes, Haarwachse und Haarsprays formen, definieren und fixieren<strong> jede Art von Haar<\/strong>, perfektionieren alle Stylings, die Sie sich schon immer ertr\u00e4umt haben, und verleihen Ihnen einen <strong>trendigen<\/strong>, pr\u00e4zisen und unkonventionellen <strong>Look<\/strong>.<\/p>\n<p><span class=\"col col_shortcode\"><a class=\"maxbutton-16 maxbutton maxbutton-he-she-de\" href=\"https:\/\/seipuntozero-haircare.it\/de\/product-category\/styling-de\/\"><span class='mb-text'>MEHR ENTDECKEN<\/span><\/a> <\/span>[\/vc_column_text][\/vc_column_inner][\/vc_row_inner][vc_row_inner wrap_type=&#8220;in_container&#8220;][vc_column_inner width=&#8220;5\/12&#8243; offset=&#8220;vc_hidden-lg vc_hidden-md vc_hidden-sm&#8220;][vc_custom_heading text=&#8220;HE.SHE&#8220; font_container=&#8220;tag:h1|text_align:center|color:%23c7343d&#8220; use_theme_fonts=&#8220;yes&#8220;][vc_column_text]<\/p>\n<h4><strong>Kreieren Sie den au\u00dfergew\u00f6hnlichsten Style<\/strong><\/h4>\n<h4><strong>He.She: nur das Beste f\u00fcr Sie und f\u00fcr Ihn<\/strong><\/h4>\n<p>Mit der umfangreichen Linie f\u00fcr <strong>Styling- und Finishing-Produkte<\/strong> He.She k\u00f6nnen Sie das Beste aus Ihrem Hairstyling herausholen und dabei eine v\u00f6llig neue Richtung einschlagen: Haargels, Haarcremes, Haarwachse und Haarsprays formen, definieren und fixieren<strong> jede Art von Haar<\/strong>, perfektionieren alle Stylings, die Sie sich schon immer ertr\u00e4umt haben, und verleihen Ihnen einen <strong>trendigen<\/strong>, pr\u00e4zisen und unkonventionellen <strong>Look<\/strong>.<\/p>\n<p><span class=\"col col_shortcode\"><a class=\"maxbutton-16 maxbutton maxbutton-he-she-de\" href=\"https:\/\/seipuntozero-haircare.it\/de\/product-category\/styling-de\/\"><span class='mb-text'>MEHR ENTDECKEN<\/span><\/a> <\/span>[\/vc_column_text][\/vc_column_inner][vc_column_inner width=&#8220;7\/12&#8243; offset=&#8220;vc_hidden-lg vc_hidden-md vc_hidden-sm&#8220;][vc_single_image image=&#8220;18575&#8243; img_size=&#8220;full&#8220;][\/vc_column_inner][\/vc_row_inner][vc_row_inner][vc_column_inner][vc_empty_space height=&#8220;80px&#8220;][\/vc_column_inner][\/vc_row_inner][\/vc_column][\/vc_row]<\/p>\n<\/div>","protected":false},"excerpt":{"rendered":"<p>[vc_row css=&#8220;.vc_custom_1489483907775{margin-bottom: 0px !important;border-bottom-width: 0px !important;padding-bottom: 0px !important;}&#8220;][vc_column][vc_row_inner][vc_column_inner offset=&#8220;vc_hidden-xs&#8220;][rev_slider_vc alias=&#8220;home-1&#8243;][\/vc_column_inner][\/vc_row_inner][vc_row_inner][vc_column_inner offset=&#8220;vc_hidden-lg vc_hidden-md vc_hidden-sm&#8220;][rev_slider_vc alias=&#8220;slide_home_mobile&#8220;][\/vc_column_inner][\/vc_row_inner][\/vc_column][\/vc_row][vc_row parallax=&#8220;content-moving&#8220; parallax_image=&#8220;11581&#8243; css=&#8220;.vc_custom_1489484214754{margin-top: 0px !important;border-top-width: 0px !important;padding-top: 0px !important;}&#8220; el_id=&#8220;kromeside&#8220;][vc_column css=&#8220;.vc_custom_1489483859416{margin-top: 0px !important;border-top-width: 0px !important;padding-top: 0px !important;}&#8220;][vc_row_inner][vc_column_inner][vc_empty_space height=&#8220;80px&#8220;][\/vc_column_inner][\/vc_row_inner][vc_row_inner wrap_type=&#8220;in_container&#8220;][vc_column_inner width=&#8220;7\/12&#8243; offset=&#8220;vc_hidden-xs&#8220;][vc_single_image image=&#8220;18587&#8243; img_size=&#8220;full&#8220;][\/vc_column_inner][vc_column_inner width=&#8220;5\/12&#8243; css=&#8220;.vc_custom_1489484063901{padding-top: 20% !important;padding-bottom: 20% !important;}&#8220; offset=&#8220;vc_hidden-xs&#8220;][vc_custom_heading text=&#8220;KROMPURE&#8220; font_container=&#8220;tag:h1|text_align:left|color:%23457cbb&#8220; use_theme_fonts=&#8220;yes&#8220;][vc_column_text] Reine Farbe, sanfte technische Anwendung Krompure: der neue Spezialist zu Diensten des Koloristen&#8230;<\/p>\n","protected":false},"author":1,"featured_media":0,"parent":0,"menu_order":0,"comment_status":"closed","ping_status":"closed","template":"page-full-width.php","meta":{"footnotes":""},"class_list":["post-15434","page","type-page","status-publish","hentry"],"yoast_head":"<!-- This site is optimized with the Yoast SEO plugin v27.1.1 - https:\/\/yoast.com\/product\/yoast-seo-wordpress\/ -->\n<title>Entdecken Sie das offizielle Ziel professioneller Salons | 6.Zero<\/title>\n<meta name=\"description\" content=\"6.Zero: Entdecken Sie das offizielle Ziel professioneller Salons, die bei ihrer Suche nach sch\u00f6nem Haar einen neuen Weg einschlagen m\u00f6chten.\" \/>\n<meta name=\"robots\" content=\"index, follow, max-snippet:-1, max-image-preview:large, max-video-preview:-1\" \/>\n<link rel=\"canonical\" href=\"https:\/\/seipuntozero-haircare.it\/de\/\" \/>\n<meta property=\"og:locale\" content=\"de_DE\" \/>\n<meta property=\"og:type\" content=\"article\" \/>\n<meta property=\"og:title\" content=\"Entdecken Sie das offizielle Ziel professioneller Salons | 6.Zero\" \/>\n<meta property=\"og:description\" content=\"6.Zero: Entdecken Sie das offizielle Ziel professioneller Salons, die bei ihrer Suche nach sch\u00f6nem Haar einen neuen Weg einschlagen m\u00f6chten.\" \/>\n<meta property=\"og:url\" content=\"https:\/\/seipuntozero-haircare.it\/de\/\" \/>\n<meta property=\"og:site_name\" content=\"6.Zero\" \/>\n<meta property=\"article:modified_time\" content=\"2026-03-10T11:29:00+00:00\" \/>\n<meta name=\"twitter:card\" content=\"summary_large_image\" \/>\n<meta name=\"twitter:label1\" content=\"Gesch\u00e4tzte Lesezeit\" \/>\n\t<meta name=\"twitter:data1\" content=\"5\u00a0Minuten\" \/>\n<script type=\"application\/ld+json\" class=\"yoast-schema-graph\">{\"@context\":\"https:\/\/schema.org\",\"@graph\":[{\"@type\":\"WebPage\",\"@id\":\"https:\/\/seipuntozero-haircare.it\/de\/\",\"url\":\"https:\/\/seipuntozero-haircare.it\/de\/\",\"name\":\"Entdecken Sie das offizielle Ziel professioneller Salons | 6.Zero\",\"isPartOf\":{\"@id\":\"https:\/\/seipuntozero-haircare.it\/de\/#website\"},\"datePublished\":\"2021-06-17T10:06:27+00:00\",\"dateModified\":\"2026-03-10T11:29:00+00:00\",\"description\":\"6.Zero: Entdecken Sie das offizielle Ziel professioneller Salons, die bei ihrer Suche nach sch\u00f6nem Haar einen neuen Weg einschlagen m\u00f6chten.\",\"breadcrumb\":{\"@id\":\"https:\/\/seipuntozero-haircare.it\/de\/#breadcrumb\"},\"inLanguage\":\"de\",\"potentialAction\":[{\"@type\":\"ReadAction\",\"target\":[\"https:\/\/seipuntozero-haircare.it\/de\/\"]}]},{\"@type\":\"BreadcrumbList\",\"@id\":\"https:\/\/seipuntozero-haircare.it\/de\/#breadcrumb\",\"itemListElement\":[{\"@type\":\"ListItem\",\"position\":1,\"name\":\"Home\",\"item\":\"https:\/\/seipuntozero-haircare.it\/de\/\"},{\"@type\":\"ListItem\",\"position\":2,\"name\":\"Home\"}]},{\"@type\":\"WebSite\",\"@id\":\"https:\/\/seipuntozero-haircare.it\/de\/#website\",\"url\":\"https:\/\/seipuntozero-haircare.it\/de\/\",\"name\":\"6.Zero\",\"description\":\"Essential Touch\",\"potentialAction\":[{\"@type\":\"SearchAction\",\"target\":{\"@type\":\"EntryPoint\",\"urlTemplate\":\"https:\/\/seipuntozero-haircare.it\/de\/?s={search_term_string}\"},\"query-input\":{\"@type\":\"PropertyValueSpecification\",\"valueRequired\":true,\"valueName\":\"search_term_string\"}}],\"inLanguage\":\"de\"}]}<\/script>\n<!-- \/ Yoast SEO plugin. -->","yoast_head_json":{"title":"Entdecken Sie das offizielle Ziel professioneller Salons | 6.Zero","description":"6.Zero: Entdecken Sie das offizielle Ziel professioneller Salons, die bei ihrer Suche nach sch\u00f6nem Haar einen neuen Weg einschlagen m\u00f6chten.","robots":{"index":"index","follow":"follow","max-snippet":"max-snippet:-1","max-image-preview":"max-image-preview:large","max-video-preview":"max-video-preview:-1"},"canonical":"https:\/\/seipuntozero-haircare.it\/de\/","og_locale":"de_DE","og_type":"article","og_title":"Entdecken Sie das offizielle Ziel professioneller Salons | 6.Zero","og_description":"6.Zero: Entdecken Sie das offizielle Ziel professioneller Salons, die bei ihrer Suche nach sch\u00f6nem Haar einen neuen Weg einschlagen m\u00f6chten.","og_url":"https:\/\/seipuntozero-haircare.it\/de\/","og_site_name":"6.Zero","article_modified_time":"2026-03-10T11:29:00+00:00","twitter_card":"summary_large_image","twitter_misc":{"Gesch\u00e4tzte Lesezeit":"5\u00a0Minuten"},"schema":{"@context":"https:\/\/schema.org","@graph":[{"@type":"WebPage","@id":"https:\/\/seipuntozero-haircare.it\/de\/","url":"https:\/\/seipuntozero-haircare.it\/de\/","name":"Entdecken Sie das offizielle Ziel professioneller Salons | 6.Zero","isPartOf":{"@id":"https:\/\/seipuntozero-haircare.it\/de\/#website"},"datePublished":"2021-06-17T10:06:27+00:00","dateModified":"2026-03-10T11:29:00+00:00","description":"6.Zero: Entdecken Sie das offizielle Ziel professioneller Salons, die bei ihrer Suche nach sch\u00f6nem Haar einen neuen Weg einschlagen m\u00f6chten.","breadcrumb":{"@id":"https:\/\/seipuntozero-haircare.it\/de\/#breadcrumb"},"inLanguage":"de","potentialAction":[{"@type":"ReadAction","target":["https:\/\/seipuntozero-haircare.it\/de\/"]}]},{"@type":"BreadcrumbList","@id":"https:\/\/seipuntozero-haircare.it\/de\/#breadcrumb","itemListElement":[{"@type":"ListItem","position":1,"name":"Home","item":"https:\/\/seipuntozero-haircare.it\/de\/"},{"@type":"ListItem","position":2,"name":"Home"}]},{"@type":"WebSite","@id":"https:\/\/seipuntozero-haircare.it\/de\/#website","url":"https:\/\/seipuntozero-haircare.it\/de\/","name":"6.Zero","description":"Essential Touch","potentialAction":[{"@type":"SearchAction","target":{"@type":"EntryPoint","urlTemplate":"https:\/\/seipuntozero-haircare.it\/de\/?s={search_term_string}"},"query-input":{"@type":"PropertyValueSpecification","valueRequired":true,"valueName":"search_term_string"}}],"inLanguage":"de"}]}},"_links":{"self":[{"href":"https:\/\/seipuntozero-haircare.it\/de\/wp-json\/wp\/v2\/pages\/15434","targetHints":{"allow":["GET"]}}],"collection":[{"href":"https:\/\/seipuntozero-haircare.it\/de\/wp-json\/wp\/v2\/pages"}],"about":[{"href":"https:\/\/seipuntozero-haircare.it\/de\/wp-json\/wp\/v2\/types\/page"}],"author":[{"embeddable":true,"href":"https:\/\/seipuntozero-haircare.it\/de\/wp-json\/wp\/v2\/users\/1"}],"replies":[{"embeddable":true,"href":"https:\/\/seipuntozero-haircare.it\/de\/wp-json\/wp\/v2\/comments?post=15434"}],"version-history":[{"count":4,"href":"https:\/\/seipuntozero-haircare.it\/de\/wp-json\/wp\/v2\/pages\/15434\/revisions"}],"predecessor-version":[{"id":24414,"href":"https:\/\/seipuntozero-haircare.it\/de\/wp-json\/wp\/v2\/pages\/15434\/revisions\/24414"}],"wp:attachment":[{"href":"https:\/\/seipuntozero-haircare.it\/de\/wp-json\/wp\/v2\/media?parent=15434"}],"curies":[{"name":"wp","href":"https:\/\/api.w.org\/{rel}","templated":true}]}}