{"id":15393,"date":"2021-06-17T10:26:36","date_gmt":"2021-06-17T08:26:36","guid":{"rendered":"https:\/\/seipuntozero-haircare.it\/contacts\/"},"modified":"2026-04-09T13:13:35","modified_gmt":"2026-04-09T11:13:35","slug":"contacts","status":"publish","type":"page","link":"https:\/\/seipuntozero-haircare.it\/de\/contacts\/","title":{"rendered":"Contacts"},"content":{"rendered":"<div class=\"wpb-content-wrapper\"><p>[vc_row wrap_type=&#8220;in_container&#8220; css=&#8220;.vc_custom_1623141242690{padding-top: 50px !important;}&#8220;][vc_column width=&#8220;5\/12&#8243;][vc_row_inner][vc_column_inner][vc_custom_heading text=&#8220;SIE BEN\u00d6TIGEN HILFE?&#8220; font_container=&#8220;tag:h1|text_align:left&#8220; use_theme_fonts=&#8220;yes&#8220;][vc_separator][vc_column_text]Wenn Sie Hilfe ben\u00f6tigen oder technische und kommerzielle Informationen zu unseren Linien erhalten m\u00f6chten, senden Sie Ihre Anfrage bitte an uns, indem Sie das Kontaktformular ausf\u00fcllen oder uns eine E-Mail schicken. Unser Kundenservice wird sich so schnell wie m\u00f6glich mit Ihnen in Verbindung setzen.[\/vc_column_text][vc_separator][vc_raw_html]PGRpdiBjbGFzcz0ic3VwcG9ydC1pY29uIiBzdHlsZT0ibWFyZ2luLWJvdHRvbToxNXB4Ij4NCjxpIGNsYXNzPSJmYSBmYS1waG9uZSIgc3R5bGU9ImZvbnQtc2l6ZTogMThweDsgdmVydGljYWwtYWxpZ246IHRleHQtYm90dG9tOyBtYXJnaW4tcmlnaHQ6IDEwcHg7Ij48L2k+DQo4MDAgMjczIDcwOA0KPC9kaXY+[\/vc_raw_html][vc_separator][vc_raw_html]PGRpdiBjbGFzcz0ic3VwcG9ydC1pY29uIiBzdHlsZT0ibWFyZ2luLWJvdHRvbToxNXB4Ij4NCjxpIGNsYXNzPSJmYSBmYS1lbnZlbG9wZS1vIiBzdHlsZT0iZm9udC1zaXplOiAxOHB4OyB2ZXJ0aWNhbC1hbGlnbjogdGV4dC1ib3R0b207IG1hcmdpbi1yaWdodDogMTBweDsiPjwvaT4NCjxhIGhyZWY9IiMiPjxhIGhyZWY9Im1haWx0bzppbmZvQHNlaXB1bnRvemVyby1oYWlyY2FyZS5pdCI+aW5mb0BzZWlwdW50b3plcm8taGFpcmNhcmUuaXQ8L2E+PC9hPg0KPC9kaXY+[\/vc_raw_html][vc_separator][\/vc_column_inner][\/vc_row_inner][vc_raw_html]JTNDZGl2JTIwY2xhc3MlM0QlMjJzdXBwb3J0LWljb24lMjIlMjBzdHlsZSUzRCUyMm1hcmdpbi1ib3R0b20lM0ExNXB4JTIyJTNFJTBBJTNDaSUyMGNsYXNzJTNEJTIyZmElMjBmYS1ib29rJTIyJTIwc3R5bGUlM0QlMjJmb250LXNpemUlM0ElMjAxOHB4JTNCJTIwdmVydGljYWwtYWxpZ24lM0ElMjB0ZXh0LWJvdHRvbSUzQiUyMG1hcmdpbi1yaWdodCUzQSUyMDEwcHglM0IlMjIlM0UlM0MlMkZpJTNFJTBBJTNDYSUyMGhyZWYlM0QlMjJodHRwcyUzQSUyRiUyRmNvbXByb2YuaXQlMkZjYXRhbG9naGklMkZzZWlwdW50b3plcm8lMkZzZWlwdW50b3plcm9fcHJvZHVjdHNfYm9vay5wZGYlMjIlMjB0YXJnZXQlM0QlMjJfYmxhbmslMjIlMjByZWwlM0QlMjJub29wZW5lciUyMiUzRWxhZGVuJTIwc2llJTIwZGVuJTIwa2F0YWxvZyUyMGhlcnVudGUlM0MlMkZhJTNFJTBBJTNDJTJGZGl2JTNF[\/vc_raw_html][\/vc_column][vc_column width=&#8220;7\/12&#8243;][vc_row_inner][vc_column_inner][vc_raw_html css=&#8220;&#8220;]JTNDJTIxLS0lMjBDdXN0b20lMjBGb3JtJTNBJTIwNi5aZXJvJTIwREUlMjAtLSUzRSUwQSUzQ2xpbmslMjByZWwlM0QlMjJzdHlsZXNoZWV0JTIyJTIwaHJlZiUzRCUyMmh0dHBzJTNBJTJGJTJGaGVscGRlc2suY29tcHJvZi5pdCUyRmFzc2V0cyUyRmN1c3RvbS1mb3JtJTJGY3VzdG9tLWZvcm0uY3NzJTIyJTNFJTBBJTNDZGl2JTIwaWQlM0QlMjJjdXN0b20tZm9ybS01MkN1Wk1EdiUyMiUzRSUzQyUyRmRpdiUzRSUwQSUzQ3NjcmlwdCUyMHNyYyUzRCUyMmh0dHBzJTNBJTJGJTJGaGVscGRlc2suY29tcHJvZi5pdCUyRmFzc2V0cyUyRmN1c3RvbS1mb3JtJTJGY3VzdG9tLWZvcm0uanMlMjIlM0UlM0MlMkZzY3JpcHQlM0UlMEElM0NzY3JpcHQlM0UlMEElMjAlMjBaYW1tYWRDdXN0b21Gb3JtLmluaXQlMjglN0IlMEElMjAlMjAlMjAlMjBlbCUzQSUyMCUyMCUyMCUyMCUyMCUyMCUyNyUyM2N1c3RvbS1mb3JtLTUyQ3VaTUR2JTI3JTJDJTBBJTIwJTIwJTIwJTIwdG9rZW4lM0ElMjAlMjAlMjAlMjc1MkN1Wk1Edjd2OC1OaFFzQmlrT1FDSURHeVRtVnVvV0RKYlBWaGRNekhkd2FoYlZHcjZfaElldzRsMXdqMk95JTI3JTJDJTBBJTIwJTIwJTIwJTIwYmFzZVVybCUzQSUyMCUyN2h0dHBzJTNBJTJGJTJGaGVscGRlc2suY29tcHJvZi5pdCUyNyUwQSUyMCUyMCU3RCUyOSUzQiUwQSUzQyUyRnNjcmlwdCUzRQ==[\/vc_raw_html][\/vc_column_inner][\/vc_row_inner][\/vc_column][\/vc_row]<\/p>\n<\/div>","protected":false},"excerpt":{"rendered":"<p>[vc_row wrap_type=&#8220;in_container&#8220; css=&#8220;.vc_custom_1623141242690{padding-top: 50px !important;}&#8220;][vc_column width=&#8220;5\/12&#8243;][vc_row_inner][vc_column_inner][vc_custom_heading text=&#8220;SIE BEN\u00d6TIGEN HILFE?&#8220; font_container=&#8220;tag:h1|text_align:left&#8220; use_theme_fonts=&#8220;yes&#8220;][vc_separator][vc_column_text]Wenn Sie Hilfe ben\u00f6tigen oder technische und kommerzielle Informationen zu unseren Linien erhalten m\u00f6chten, senden Sie Ihre Anfrage bitte an uns, indem Sie das Kontaktformular ausf\u00fcllen oder uns eine E-Mail schicken. Unser Kundenservice wird sich so schnell wie m\u00f6glich mit Ihnen in Verbindung setzen.[\/vc_column_text][vc_separator][vc_raw_html]PGRpdiBjbGFzcz0ic3VwcG9ydC1pY29uIiBzdHlsZT0ibWFyZ2luLWJvdHRvbToxNXB4Ij4NCjxpIGNsYXNzPSJmYSBmYS1waG9uZSIgc3R5bGU9ImZvbnQtc2l6ZTogMThweDsgdmVydGljYWwtYWxpZ246IHRleHQtYm90dG9tOyBtYXJnaW4tcmlnaHQ6IDEwcHg7Ij48L2k+DQo4MDAgMjczIDcwOA0KPC9kaXY+[\/vc_raw_html][vc_separator][vc_raw_html]PGRpdiBjbGFzcz0ic3VwcG9ydC1pY29uIiBzdHlsZT0ibWFyZ2luLWJvdHRvbToxNXB4Ij4NCjxpIGNsYXNzPSJmYSBmYS1lbnZlbG9wZS1vIiBzdHlsZT0iZm9udC1zaXplOiAxOHB4OyB2ZXJ0aWNhbC1hbGlnbjogdGV4dC1ib3R0b207IG1hcmdpbi1yaWdodDogMTBweDsiPjwvaT4NCjxhIGhyZWY9IiMiPjxhIGhyZWY9Im1haWx0bzppbmZvQHNlaXB1bnRvemVyby1oYWlyY2FyZS5pdCI+aW5mb0BzZWlwdW50b3plcm8taGFpcmNhcmUuaXQ8L2E+PC9hPg0KPC9kaXY+[\/vc_raw_html][vc_separator][\/vc_column_inner][\/vc_row_inner][vc_raw_html]JTNDZGl2JTIwY2xhc3MlM0QlMjJzdXBwb3J0LWljb24lMjIlMjBzdHlsZSUzRCUyMm1hcmdpbi1ib3R0b20lM0ExNXB4JTIyJTNFJTBBJTNDaSUyMGNsYXNzJTNEJTIyZmElMjBmYS1ib29rJTIyJTIwc3R5bGUlM0QlMjJmb250LXNpemUlM0ElMjAxOHB4JTNCJTIwdmVydGljYWwtYWxpZ24lM0ElMjB0ZXh0LWJvdHRvbSUzQiUyMG1hcmdpbi1yaWdodCUzQSUyMDEwcHglM0IlMjIlM0UlM0MlMkZpJTNFJTBBJTNDYSUyMGhyZWYlM0QlMjJodHRwcyUzQSUyRiUyRmNvbXByb2YuaXQlMkZjYXRhbG9naGklMkZzZWlwdW50b3plcm8lMkZzZWlwdW50b3plcm9fcHJvZHVjdHNfYm9vay5wZGYlMjIlMjB0YXJnZXQlM0QlMjJfYmxhbmslMjIlMjByZWwlM0QlMjJub29wZW5lciUyMiUzRWxhZGVuJTIwc2llJTIwZGVuJTIwa2F0YWxvZyUyMGhlcnVudGUlM0MlMkZhJTNFJTBBJTNDJTJGZGl2JTNF[\/vc_raw_html][\/vc_column][vc_column width=&#8220;7\/12&#8243;][vc_row_inner][vc_column_inner][vc_raw_html css=&#8220;&#8220;]JTNDJTIxLS0lMjBDdXN0b20lMjBGb3JtJTNBJTIwNi5aZXJvJTIwREUlMjAtLSUzRSUwQSUzQ2xpbmslMjByZWwlM0QlMjJzdHlsZXNoZWV0JTIyJTIwaHJlZiUzRCUyMmh0dHBzJTNBJTJGJTJGaGVscGRlc2suY29tcHJvZi5pdCUyRmFzc2V0cyUyRmN1c3RvbS1mb3JtJTJGY3VzdG9tLWZvcm0uY3NzJTIyJTNFJTBBJTNDZGl2JTIwaWQlM0QlMjJjdXN0b20tZm9ybS01MkN1Wk1EdiUyMiUzRSUzQyUyRmRpdiUzRSUwQSUzQ3NjcmlwdCUyMHNyYyUzRCUyMmh0dHBzJTNBJTJGJTJGaGVscGRlc2suY29tcHJvZi5pdCUyRmFzc2V0cyUyRmN1c3RvbS1mb3JtJTJGY3VzdG9tLWZvcm0uanMlMjIlM0UlM0MlMkZzY3JpcHQlM0UlMEElM0NzY3JpcHQlM0UlMEElMjAlMjBaYW1tYWRDdXN0b21Gb3JtLmluaXQlMjglN0IlMEElMjAlMjAlMjAlMjBlbCUzQSUyMCUyMCUyMCUyMCUyMCUyMCUyNyUyM2N1c3RvbS1mb3JtLTUyQ3VaTUR2JTI3JTJDJTBBJTIwJTIwJTIwJTIwdG9rZW4lM0ElMjAlMjAlMjAlMjc1MkN1Wk1Edjd2OC1OaFFzQmlrT1FDSURHeVRtVnVvV0RKYlBWaGRNekhkd2FoYlZHcjZfaElldzRsMXdqMk95JTI3JTJDJTBBJTIwJTIwJTIwJTIwYmFzZVVybCUzQSUyMCUyN2h0dHBzJTNBJTJGJTJGaGVscGRlc2suY29tcHJvZi5pdCUyNyUwQSUyMCUyMCU3RCUyOSUzQiUwQSUzQyUyRnNjcmlwdCUzRQ==[\/vc_raw_html][\/vc_column_inner][\/vc_row_inner][\/vc_column][\/vc_row]<\/p>\n","protected":false},"author":1,"featured_media":0,"parent":0,"menu_order":0,"comment_status":"closed","ping_status":"closed","template":"page-full-width-padding.php","meta":{"footnotes":""},"class_list":["post-15393","page","type-page","status-publish","hentry"],"yoast_head":"<!-- This site is optimized with the Yoast SEO plugin v27.1.1 - https:\/\/yoast.com\/product\/yoast-seo-wordpress\/ -->\n<title>Contacts | 6.Zero<\/title>\n<meta name=\"description\" content=\"Wenn Sie Hilfe ben\u00f6tigen oder technische und kommerzielle Informationen zu unseren Linien erhalten m\u00f6chten, senden Sie Ihre Anfrage bitte an uns, indem Sie das Kontaktformular ausf\u00fcllen oder uns eine E-Mail schicken.\" \/>\n<meta name=\"robots\" content=\"index, follow, max-snippet:-1, max-image-preview:large, max-video-preview:-1\" \/>\n<link rel=\"canonical\" href=\"https:\/\/seipuntozero-haircare.it\/de\/contacts\/\" \/>\n<meta property=\"og:locale\" content=\"de_DE\" \/>\n<meta property=\"og:type\" content=\"article\" \/>\n<meta property=\"og:title\" content=\"Contacts | 6.Zero\" \/>\n<meta property=\"og:description\" content=\"Wenn Sie Hilfe ben\u00f6tigen oder technische und kommerzielle Informationen zu unseren Linien erhalten m\u00f6chten, senden Sie Ihre Anfrage bitte an uns, indem Sie das Kontaktformular ausf\u00fcllen oder uns eine E-Mail schicken.\" \/>\n<meta property=\"og:url\" content=\"https:\/\/seipuntozero-haircare.it\/de\/contacts\/\" \/>\n<meta property=\"og:site_name\" content=\"6.Zero\" \/>\n<meta property=\"article:modified_time\" content=\"2026-04-09T11:13:35+00:00\" \/>\n<meta name=\"twitter:card\" content=\"summary_large_image\" \/>\n<meta name=\"twitter:label1\" content=\"Gesch\u00e4tzte Lesezeit\" \/>\n\t<meta name=\"twitter:data1\" content=\"1\u00a0Minute\" \/>\n<script type=\"application\/ld+json\" class=\"yoast-schema-graph\">{\"@context\":\"https:\/\/schema.org\",\"@graph\":[{\"@type\":\"WebPage\",\"@id\":\"https:\/\/seipuntozero-haircare.it\/de\/contacts\/\",\"url\":\"https:\/\/seipuntozero-haircare.it\/de\/contacts\/\",\"name\":\"Contacts | 6.Zero\",\"isPartOf\":{\"@id\":\"https:\/\/seipuntozero-haircare.it\/de\/#website\"},\"datePublished\":\"2021-06-17T08:26:36+00:00\",\"dateModified\":\"2026-04-09T11:13:35+00:00\",\"description\":\"Wenn Sie Hilfe ben\u00f6tigen oder technische und kommerzielle Informationen zu unseren Linien erhalten m\u00f6chten, senden Sie Ihre Anfrage bitte an uns, indem Sie das Kontaktformular ausf\u00fcllen oder uns eine E-Mail schicken.\",\"breadcrumb\":{\"@id\":\"https:\/\/seipuntozero-haircare.it\/de\/contacts\/#breadcrumb\"},\"inLanguage\":\"de\",\"potentialAction\":[{\"@type\":\"ReadAction\",\"target\":[\"https:\/\/seipuntozero-haircare.it\/de\/contacts\/\"]}]},{\"@type\":\"BreadcrumbList\",\"@id\":\"https:\/\/seipuntozero-haircare.it\/de\/contacts\/#breadcrumb\",\"itemListElement\":[{\"@type\":\"ListItem\",\"position\":1,\"name\":\"Home\",\"item\":\"https:\/\/seipuntozero-haircare.it\/de\/\"},{\"@type\":\"ListItem\",\"position\":2,\"name\":\"Contacts\"}]},{\"@type\":\"WebSite\",\"@id\":\"https:\/\/seipuntozero-haircare.it\/de\/#website\",\"url\":\"https:\/\/seipuntozero-haircare.it\/de\/\",\"name\":\"6.Zero\",\"description\":\"Essential Touch\",\"potentialAction\":[{\"@type\":\"SearchAction\",\"target\":{\"@type\":\"EntryPoint\",\"urlTemplate\":\"https:\/\/seipuntozero-haircare.it\/de\/?s={search_term_string}\"},\"query-input\":{\"@type\":\"PropertyValueSpecification\",\"valueRequired\":true,\"valueName\":\"search_term_string\"}}],\"inLanguage\":\"de\"}]}<\/script>\n<!-- \/ Yoast SEO plugin. -->","yoast_head_json":{"title":"Contacts | 6.Zero","description":"Wenn Sie Hilfe ben\u00f6tigen oder technische und kommerzielle Informationen zu unseren Linien erhalten m\u00f6chten, senden Sie Ihre Anfrage bitte an uns, indem Sie das Kontaktformular ausf\u00fcllen oder uns eine E-Mail schicken.","robots":{"index":"index","follow":"follow","max-snippet":"max-snippet:-1","max-image-preview":"max-image-preview:large","max-video-preview":"max-video-preview:-1"},"canonical":"https:\/\/seipuntozero-haircare.it\/de\/contacts\/","og_locale":"de_DE","og_type":"article","og_title":"Contacts | 6.Zero","og_description":"Wenn Sie Hilfe ben\u00f6tigen oder technische und kommerzielle Informationen zu unseren Linien erhalten m\u00f6chten, senden Sie Ihre Anfrage bitte an uns, indem Sie das Kontaktformular ausf\u00fcllen oder uns eine E-Mail schicken.","og_url":"https:\/\/seipuntozero-haircare.it\/de\/contacts\/","og_site_name":"6.Zero","article_modified_time":"2026-04-09T11:13:35+00:00","twitter_card":"summary_large_image","twitter_misc":{"Gesch\u00e4tzte Lesezeit":"1\u00a0Minute"},"schema":{"@context":"https:\/\/schema.org","@graph":[{"@type":"WebPage","@id":"https:\/\/seipuntozero-haircare.it\/de\/contacts\/","url":"https:\/\/seipuntozero-haircare.it\/de\/contacts\/","name":"Contacts | 6.Zero","isPartOf":{"@id":"https:\/\/seipuntozero-haircare.it\/de\/#website"},"datePublished":"2021-06-17T08:26:36+00:00","dateModified":"2026-04-09T11:13:35+00:00","description":"Wenn Sie Hilfe ben\u00f6tigen oder technische und kommerzielle Informationen zu unseren Linien erhalten m\u00f6chten, senden Sie Ihre Anfrage bitte an uns, indem Sie das Kontaktformular ausf\u00fcllen oder uns eine E-Mail schicken.","breadcrumb":{"@id":"https:\/\/seipuntozero-haircare.it\/de\/contacts\/#breadcrumb"},"inLanguage":"de","potentialAction":[{"@type":"ReadAction","target":["https:\/\/seipuntozero-haircare.it\/de\/contacts\/"]}]},{"@type":"BreadcrumbList","@id":"https:\/\/seipuntozero-haircare.it\/de\/contacts\/#breadcrumb","itemListElement":[{"@type":"ListItem","position":1,"name":"Home","item":"https:\/\/seipuntozero-haircare.it\/de\/"},{"@type":"ListItem","position":2,"name":"Contacts"}]},{"@type":"WebSite","@id":"https:\/\/seipuntozero-haircare.it\/de\/#website","url":"https:\/\/seipuntozero-haircare.it\/de\/","name":"6.Zero","description":"Essential Touch","potentialAction":[{"@type":"SearchAction","target":{"@type":"EntryPoint","urlTemplate":"https:\/\/seipuntozero-haircare.it\/de\/?s={search_term_string}"},"query-input":{"@type":"PropertyValueSpecification","valueRequired":true,"valueName":"search_term_string"}}],"inLanguage":"de"}]}},"_links":{"self":[{"href":"https:\/\/seipuntozero-haircare.it\/de\/wp-json\/wp\/v2\/pages\/15393","targetHints":{"allow":["GET"]}}],"collection":[{"href":"https:\/\/seipuntozero-haircare.it\/de\/wp-json\/wp\/v2\/pages"}],"about":[{"href":"https:\/\/seipuntozero-haircare.it\/de\/wp-json\/wp\/v2\/types\/page"}],"author":[{"embeddable":true,"href":"https:\/\/seipuntozero-haircare.it\/de\/wp-json\/wp\/v2\/users\/1"}],"replies":[{"embeddable":true,"href":"https:\/\/seipuntozero-haircare.it\/de\/wp-json\/wp\/v2\/comments?post=15393"}],"version-history":[{"count":4,"href":"https:\/\/seipuntozero-haircare.it\/de\/wp-json\/wp\/v2\/pages\/15393\/revisions"}],"predecessor-version":[{"id":24443,"href":"https:\/\/seipuntozero-haircare.it\/de\/wp-json\/wp\/v2\/pages\/15393\/revisions\/24443"}],"wp:attachment":[{"href":"https:\/\/seipuntozero-haircare.it\/de\/wp-json\/wp\/v2\/media?parent=15393"}],"curies":[{"name":"wp","href":"https:\/\/api.w.org\/{rel}","templated":true}]}}